{"id":1424,"date":"2024-02-27T19:27:13","date_gmt":"2024-02-27T22:27:13","guid":{"rendered":"https:\/\/kolplast.com.br\/autocoletacoari\/?page_id=1424"},"modified":"2024-03-04T18:21:16","modified_gmt":"2024-03-04T21:21:16","slug":"politica-geral-de-privacidade-e-protecao-de-dados-pessoais","status":"publish","type":"page","link":"https:\/\/kolplast.com.br\/autocoletacoari\/?page_id=1424","title":{"rendered":"Pol\u00edtica Geral de Privacidade e Prote\u00e7\u00e3o de Dados Pessoais"},"content":{"rendered":"\t\t<div data-elementor-type=\"wp-page\" data-elementor-id=\"1424\" class=\"elementor elementor-1424\" data-elementor-post-type=\"page\">\n\t\t\t\t<div data-particle_enable=\"false\" data-particle-mobile-disabled=\"false\" class=\"elementor-element elementor-element-616df5a e-flex e-con-boxed e-con e-parent\" data-id=\"616df5a\" data-element_type=\"container\" data-settings=\"{&quot;ekit_has_onepagescroll_dot&quot;:&quot;yes&quot;}\">\n\t\t\t\t\t<div class=\"e-con-inner\">\n\t\t\t\t<div class=\"elementor-element elementor-element-4b0d1fb elementor-widget elementor-widget-text-editor\" data-id=\"4b0d1fb\" data-element_type=\"widget\" data-settings=\"{&quot;ekit_we_effect_on&quot;:&quot;none&quot;}\" data-widget_type=\"text-editor.default\">\n\t\t\t\t<div class=\"elementor-widget-container\">\n\t\t\t<style>\/*! elementor - v3.22.0 - 26-06-2024 *\/\n.elementor-widget-text-editor.elementor-drop-cap-view-stacked .elementor-drop-cap{background-color:#69727d;color:#fff}.elementor-widget-text-editor.elementor-drop-cap-view-framed .elementor-drop-cap{color:#69727d;border:3px solid;background-color:transparent}.elementor-widget-text-editor:not(.elementor-drop-cap-view-default) .elementor-drop-cap{margin-top:8px}.elementor-widget-text-editor:not(.elementor-drop-cap-view-default) .elementor-drop-cap-letter{width:1em;height:1em}.elementor-widget-text-editor .elementor-drop-cap{float:left;text-align:center;line-height:1;font-size:50px}.elementor-widget-text-editor .elementor-drop-cap-letter{display:inline-block}<\/style>\t\t\t\t<a href=\"https:\/\/kolplast.com.br\/autocoletacoari\/wp-content\/uploads\/2024\/02\/Politica-Geral-de-Privacidade-e-Protecao-de-Dados-Pessoais_Port_Ing_Rev02.pdf\" class=\"pdfemb-viewer\" style=\"\" data-width=\"max\" data-height=\"max\" data-toolbar=\"bottom\" data-toolbar-fixed=\"off\">Politica-Geral-de-Privacidade-e-Protecao-de-Dados-Pessoais_Port_Ing_Rev02<\/a>\t\t\t\t\t\t<\/div>\n\t\t\t\t<\/div>\n\t\t\t\t\t<\/div>\n\t\t\t\t<\/div>\n\t\t\t\t<\/div>\n\t\t","protected":false},"excerpt":{"rendered":"","protected":false},"author":1,"featured_media":0,"parent":1594,"menu_order":0,"comment_status":"closed","ping_status":"closed","template":"","meta":{"footnotes":""},"class_list":["post-1424","page","type-page","status-publish","hentry"],"_links":{"self":[{"href":"https:\/\/kolplast.com.br\/autocoletacoari\/index.php?rest_route=\/wp\/v2\/pages\/1424","targetHints":{"allow":["GET"]}}],"collection":[{"href":"https:\/\/kolplast.com.br\/autocoletacoari\/index.php?rest_route=\/wp\/v2\/pages"}],"about":[{"href":"https:\/\/kolplast.com.br\/autocoletacoari\/index.php?rest_route=\/wp\/v2\/types\/page"}],"author":[{"embeddable":true,"href":"https:\/\/kolplast.com.br\/autocoletacoari\/index.php?rest_route=\/wp\/v2\/users\/1"}],"replies":[{"embeddable":true,"href":"https:\/\/kolplast.com.br\/autocoletacoari\/index.php?rest_route=%2Fwp%2Fv2%2Fcomments&post=1424"}],"version-history":[{"count":18,"href":"https:\/\/kolplast.com.br\/autocoletacoari\/index.php?rest_route=\/wp\/v2\/pages\/1424\/revisions"}],"predecessor-version":[{"id":1456,"href":"https:\/\/kolplast.com.br\/autocoletacoari\/index.php?rest_route=\/wp\/v2\/pages\/1424\/revisions\/1456"}],"up":[{"embeddable":true,"href":"https:\/\/kolplast.com.br\/autocoletacoari\/index.php?rest_route=\/wp\/v2\/pages\/1594"}],"wp:attachment":[{"href":"https:\/\/kolplast.com.br\/autocoletacoari\/index.php?rest_route=%2Fwp%2Fv2%2Fmedia&parent=1424"}],"curies":[{"name":"wp","href":"https:\/\/api.w.org\/{rel}","templated":true}]}}